{"id":81630,"date":"2023-09-07T14:58:00","date_gmt":"2023-09-07T18:58:00","guid":{"rendered":"https:\/\/fertilityconsultants.ca\/cfc-reviews-french\/"},"modified":"2025-07-24T14:53:11","modified_gmt":"2025-07-24T18:53:11","slug":"critiques","status":"publish","type":"page","link":"https:\/\/fertilityconsultants.ca\/fr\/critiques\/","title":{"rendered":"CFC Reviews (French)"},"content":{"rendered":"<div id=\"cs-content\" class=\"cs-content\"><\/div>\n","protected":false},"excerpt":{"rendered":"<p>Avis des clients Voir ce que disent nos&nbsp;clients0+ann\u00e9es d\u2019activit\u00e90+familles cr\u00e9\u00e9es depuis 20070+partenariats d&rsquo;avocats en&nbsp;Canada0+pays desservis dans le monde&nbsp;entierCommencez d\u00e8s aujourd\u2019hui Devenir parentFormulaire de d\u00e9marrage rapideDevenir femme porteuseR\u00e9pondre au quizFollow Us Facebook 49.5kInstagram 4.3kTwitter 1.4kTikTok 2.5kSuivez-nous Facebook 49.8kInstagram 5.5kTwitter 1.4kTikTok 2.8k This girl is all the Sunshine! Marley, you had us &#8230; <\/p>\n<div><a href=\"https:\/\/fertilityconsultants.ca\/fr\/critiques\/\" class=\"more-link\">Read More<\/a><\/div>\n","protected":false},"author":33449,"featured_media":0,"parent":0,"menu_order":0,"comment_status":"closed","ping_status":"closed","template":"template-blank-4.php","meta":{"_acf_changed":false,"_sitemap_exclude":false,"_sitemap_priority":"","_sitemap_frequency":"","footnotes":""},"class_list":["post-81630","page","type-page","status-publish","hentry","no-post-thumbnail"],"acf":[],"_links":{"self":[{"href":"https:\/\/fertilityconsultants.ca\/fr\/wp-json\/wp\/v2\/pages\/81630","targetHints":{"allow":["GET"]}}],"collection":[{"href":"https:\/\/fertilityconsultants.ca\/fr\/wp-json\/wp\/v2\/pages"}],"about":[{"href":"https:\/\/fertilityconsultants.ca\/fr\/wp-json\/wp\/v2\/types\/page"}],"author":[{"embeddable":true,"href":"https:\/\/fertilityconsultants.ca\/fr\/wp-json\/wp\/v2\/users\/33449"}],"replies":[{"embeddable":true,"href":"https:\/\/fertilityconsultants.ca\/fr\/wp-json\/wp\/v2\/comments?post=81630"}],"version-history":[{"count":6,"href":"https:\/\/fertilityconsultants.ca\/fr\/wp-json\/wp\/v2\/pages\/81630\/revisions"}],"predecessor-version":[{"id":127252,"href":"https:\/\/fertilityconsultants.ca\/fr\/wp-json\/wp\/v2\/pages\/81630\/revisions\/127252"}],"wp:attachment":[{"href":"https:\/\/fertilityconsultants.ca\/fr\/wp-json\/wp\/v2\/media?parent=81630"}],"curies":[{"name":"wp","href":"https:\/\/api.w.org\/{rel}","templated":true}]}}