{"id":70338,"date":"2023-04-05T16:30:27","date_gmt":"2023-04-05T20:30:27","guid":{"rendered":"https:\/\/dev.fertilityconsultants.ca\/ff-cfc101e-new\/"},"modified":"2025-02-13T19:23:24","modified_gmt":"2025-02-14T00:23:24","slug":"ff-cfc101f","status":"publish","type":"page","link":"https:\/\/fertilityconsultants.ca\/fr\/ff-cfc101f\/","title":{"rendered":"[CFC Internal] FF CFC101E 2023 Intended Parent Profile"},"content":{"rendered":"<div id=\"cs-content\" class=\"cs-content\"><\/div>\n","protected":false},"excerpt":{"rendered":"<p>Des Familles Construites Avec Amour Est. 2007 CFC101F Profil du Parent Intentionnel EnglishCFC201E Fran\u00e7aisCFC Surrogate Profile [CFC101E] 2025 Intended Parent Profile Parent Intentionnel No. 1 Pr\u00e9nom pr\u00e9f\u00e9r\u00e9 : * Nom l\u00e9gal : * Nom complet l\u00e9gal : * Date de naissance : * Genre : * &#8211; Veuillez choisir -HommeFemmeNon-binaire &#8230; <\/p>\n<div><a href=\"https:\/\/fertilityconsultants.ca\/fr\/ff-cfc101f\/\" class=\"more-link\">Read More<\/a><\/div>\n","protected":false},"author":33449,"featured_media":0,"parent":0,"menu_order":0,"comment_status":"closed","ping_status":"closed","template":"template-blank-6.php","meta":{"_acf_changed":false,"_sitemap_exclude":false,"_sitemap_priority":"","_sitemap_frequency":"","footnotes":""},"class_list":["post-70338","page","type-page","status-publish","hentry","no-post-thumbnail"],"acf":[],"_links":{"self":[{"href":"https:\/\/fertilityconsultants.ca\/fr\/wp-json\/wp\/v2\/pages\/70338","targetHints":{"allow":["GET"]}}],"collection":[{"href":"https:\/\/fertilityconsultants.ca\/fr\/wp-json\/wp\/v2\/pages"}],"about":[{"href":"https:\/\/fertilityconsultants.ca\/fr\/wp-json\/wp\/v2\/types\/page"}],"author":[{"embeddable":true,"href":"https:\/\/fertilityconsultants.ca\/fr\/wp-json\/wp\/v2\/users\/33449"}],"replies":[{"embeddable":true,"href":"https:\/\/fertilityconsultants.ca\/fr\/wp-json\/wp\/v2\/comments?post=70338"}],"version-history":[{"count":2,"href":"https:\/\/fertilityconsultants.ca\/fr\/wp-json\/wp\/v2\/pages\/70338\/revisions"}],"predecessor-version":[{"id":118888,"href":"https:\/\/fertilityconsultants.ca\/fr\/wp-json\/wp\/v2\/pages\/70338\/revisions\/118888"}],"wp:attachment":[{"href":"https:\/\/fertilityconsultants.ca\/fr\/wp-json\/wp\/v2\/media?parent=70338"}],"curies":[{"name":"wp","href":"https:\/\/api.w.org\/{rel}","templated":true}]}}