{"id":52850,"date":"2021-11-04T17:30:21","date_gmt":"2021-11-04T21:30:21","guid":{"rendered":"https:\/\/dev.fertilityconsultants.ca\/cfc-parent-quickstart-thank-you\/"},"modified":"2024-10-24T20:10:01","modified_gmt":"2024-10-25T00:10:01","slug":"cfc-parent-depart-rapide-merci","status":"publish","type":"page","link":"https:\/\/fertilityconsultants.ca\/fr\/cfc-parent-depart-rapide-merci\/","title":{"rendered":"[CFC IP Quiz] CFC IP Thank You page [FR]"},"content":{"rendered":"<div id=\"cs-content\" class=\"cs-content\"><\/div>\n","protected":false},"excerpt":{"rendered":"<p>Merci Beaucoup pour avoir rempli notre formulaire de d\u00e9marrage rapide des futurs parentsVeuillez consulter votre bo\u00eete de r\u00e9ception pour recevoir notre kit de bienvenue pour les futurs parents, qui comprend un aper\u00e7u du processus de maternit\u00e9 de substitution, le fonctionnement de notre programme au CFC et une ventilation des frais &#8230; <\/p>\n<div><a href=\"https:\/\/fertilityconsultants.ca\/fr\/cfc-parent-depart-rapide-merci\/\" class=\"more-link\">Read More<\/a><\/div>\n","protected":false},"author":33449,"featured_media":29082,"parent":0,"menu_order":0,"comment_status":"closed","ping_status":"closed","template":"template-blank-4.php","meta":{"_acf_changed":false,"_sitemap_exclude":false,"_sitemap_priority":"","_sitemap_frequency":"","footnotes":""},"class_list":["post-52850","page","type-page","status-publish","has-post-thumbnail","hentry"],"acf":[],"_links":{"self":[{"href":"https:\/\/fertilityconsultants.ca\/fr\/wp-json\/wp\/v2\/pages\/52850","targetHints":{"allow":["GET"]}}],"collection":[{"href":"https:\/\/fertilityconsultants.ca\/fr\/wp-json\/wp\/v2\/pages"}],"about":[{"href":"https:\/\/fertilityconsultants.ca\/fr\/wp-json\/wp\/v2\/types\/page"}],"author":[{"embeddable":true,"href":"https:\/\/fertilityconsultants.ca\/fr\/wp-json\/wp\/v2\/users\/33449"}],"replies":[{"embeddable":true,"href":"https:\/\/fertilityconsultants.ca\/fr\/wp-json\/wp\/v2\/comments?post=52850"}],"version-history":[{"count":2,"href":"https:\/\/fertilityconsultants.ca\/fr\/wp-json\/wp\/v2\/pages\/52850\/revisions"}],"predecessor-version":[{"id":110935,"href":"https:\/\/fertilityconsultants.ca\/fr\/wp-json\/wp\/v2\/pages\/52850\/revisions\/110935"}],"wp:featuredmedia":[{"embeddable":true,"href":"https:\/\/fertilityconsultants.ca\/fr\/wp-json\/wp\/v2\/media\/29082"}],"wp:attachment":[{"href":"https:\/\/fertilityconsultants.ca\/fr\/wp-json\/wp\/v2\/media?parent=52850"}],"curies":[{"name":"wp","href":"https:\/\/api.w.org\/{rel}","templated":true}]}}