{"id":41063,"date":"2021-03-05T18:23:17","date_gmt":"2021-03-05T23:23:17","guid":{"rendered":"https:\/\/dev.fertilityconsultants.ca\/ff-cfc201f\/ff-cfc201e-success\/"},"modified":"2023-11-15T12:41:29","modified_gmt":"2023-11-15T17:41:29","slug":"ff-cfc201-succes","status":"publish","type":"page","link":"https:\/\/fertilityconsultants.ca\/fr\/ff-cfc201f\/ff-cfc201-succes\/","title":{"rendered":"[CFC Internal] CFC201 Succes"},"content":{"rendered":"<div id=\"cs-content\" class=\"cs-content\"><\/div>\n","protected":false},"excerpt":{"rendered":"<p>Merci ! Vous pourriez \u00eatre int\u00e9ress\u00e9 par : Article de blog Devenir une femme porteuseD\u00e9cidez si la maternit\u00e9 de substitution vous convient, \u00e0 vous et \u00e0 votre famille. Lire plusWebinaire Devenir une m\u00e8re porteuseEst-ce le moment ? \u00cates-vous int\u00e9ress\u00e9 \u00e0 devenir une m\u00e8re porteuse ? Regarder le webinaireArticle de Blog &#8230; <\/p>\n<div><a href=\"https:\/\/fertilityconsultants.ca\/fr\/ff-cfc201f\/ff-cfc201-succes\/\" class=\"more-link\">Read More<\/a><\/div>\n","protected":false},"author":33449,"featured_media":0,"parent":19741,"menu_order":0,"comment_status":"closed","ping_status":"closed","template":"template-blank-4.php","meta":{"_acf_changed":false,"_sitemap_exclude":false,"_sitemap_priority":"","_sitemap_frequency":"","footnotes":""},"class_list":["post-41063","page","type-page","status-publish","hentry","no-post-thumbnail"],"acf":[],"_links":{"self":[{"href":"https:\/\/fertilityconsultants.ca\/fr\/wp-json\/wp\/v2\/pages\/41063","targetHints":{"allow":["GET"]}}],"collection":[{"href":"https:\/\/fertilityconsultants.ca\/fr\/wp-json\/wp\/v2\/pages"}],"about":[{"href":"https:\/\/fertilityconsultants.ca\/fr\/wp-json\/wp\/v2\/types\/page"}],"author":[{"embeddable":true,"href":"https:\/\/fertilityconsultants.ca\/fr\/wp-json\/wp\/v2\/users\/33449"}],"replies":[{"embeddable":true,"href":"https:\/\/fertilityconsultants.ca\/fr\/wp-json\/wp\/v2\/comments?post=41063"}],"version-history":[{"count":1,"href":"https:\/\/fertilityconsultants.ca\/fr\/wp-json\/wp\/v2\/pages\/41063\/revisions"}],"predecessor-version":[{"id":87829,"href":"https:\/\/fertilityconsultants.ca\/fr\/wp-json\/wp\/v2\/pages\/41063\/revisions\/87829"}],"up":[{"embeddable":true,"href":"https:\/\/fertilityconsultants.ca\/fr\/wp-json\/wp\/v2\/pages\/19741"}],"wp:attachment":[{"href":"https:\/\/fertilityconsultants.ca\/fr\/wp-json\/wp\/v2\/media?parent=41063"}],"curies":[{"name":"wp","href":"https:\/\/api.w.org\/{rel}","templated":true}]}}