{"id":26162,"date":"2015-02-17T17:36:02","date_gmt":"2015-02-17T22:36:02","guid":{"rendered":"https:\/\/dev.fertilityconsultants.ca\/contact\/"},"modified":"2025-10-27T15:14:16","modified_gmt":"2025-10-27T19:14:16","slug":"contact","status":"publish","type":"page","link":"https:\/\/fertilityconsultants.ca\/fr\/contact\/","title":{"rendered":"Contact [FR]"},"content":{"rendered":"<div id=\"cs-content\" class=\"cs-content\"><\/div>\n","protected":false},"excerpt":{"rendered":"<p>Contactez nous aujourd&rsquo;hui Prenez contact avec nous. Nous sommes l\u00e0 pour vous. CFC Contact Form [IP, Surro, Donor] Pr\u00e9nom : * Nom de famille : * Email : * T\u00e9l\u00e9phone portable : * Int\u00e9ress\u00e9 par : * Devenir parent Devenir une m\u00e8re porteuse Devenir un donneur d&rsquo;ovules Autres Pays : &#8230; <\/p>\n<div><a href=\"https:\/\/fertilityconsultants.ca\/fr\/contact\/\" class=\"more-link\">Read More<\/a><\/div>\n","protected":false},"author":33449,"featured_media":0,"parent":0,"menu_order":100,"comment_status":"closed","ping_status":"open","template":"template-blank-4.php","meta":{"_acf_changed":false,"_sitemap_exclude":false,"_sitemap_priority":"","_sitemap_frequency":"","footnotes":""},"class_list":["post-26162","page","type-page","status-publish","hentry","no-post-thumbnail"],"acf":[],"_links":{"self":[{"href":"https:\/\/fertilityconsultants.ca\/fr\/wp-json\/wp\/v2\/pages\/26162","targetHints":{"allow":["GET"]}}],"collection":[{"href":"https:\/\/fertilityconsultants.ca\/fr\/wp-json\/wp\/v2\/pages"}],"about":[{"href":"https:\/\/fertilityconsultants.ca\/fr\/wp-json\/wp\/v2\/types\/page"}],"author":[{"embeddable":true,"href":"https:\/\/fertilityconsultants.ca\/fr\/wp-json\/wp\/v2\/users\/33449"}],"replies":[{"embeddable":true,"href":"https:\/\/fertilityconsultants.ca\/fr\/wp-json\/wp\/v2\/comments?post=26162"}],"version-history":[{"count":9,"href":"https:\/\/fertilityconsultants.ca\/fr\/wp-json\/wp\/v2\/pages\/26162\/revisions"}],"predecessor-version":[{"id":130607,"href":"https:\/\/fertilityconsultants.ca\/fr\/wp-json\/wp\/v2\/pages\/26162\/revisions\/130607"}],"wp:attachment":[{"href":"https:\/\/fertilityconsultants.ca\/fr\/wp-json\/wp\/v2\/media?parent=26162"}],"curies":[{"name":"wp","href":"https:\/\/api.w.org\/{rel}","templated":true}]}}