{"id":26139,"date":"2016-11-14T02:38:35","date_gmt":"2016-11-14T07:38:35","guid":{"rendered":"https:\/\/dev.fertilityconsultants.ca\/future-parents-surrogates\/"},"modified":"2025-04-29T20:05:19","modified_gmt":"2025-04-30T00:05:19","slug":"futurs-parents-meres-porteuses","status":"publish","type":"page","link":"https:\/\/fertilityconsultants.ca\/fr\/futurs-parents-meres-porteuses\/","title":{"rendered":"Future Parents: Needing a Surrogate [FR]"},"content":{"rendered":"<div id=\"cs-content\" class=\"cs-content\"><\/div>\n","protected":false},"excerpt":{"rendered":"<p>Trouver une m\u00e8re porteuse avec Canadian Fertility ConsultingNous sommes la premi\u00e8re agence de gestation pour autrui au Canada. C\u2019est l\u2019histoire de votre famille, et nous sommes l\u00e0 pour vous aider \u00e0 l\u2019\u00e9crire.Notre programmeLe processus de gestation pour autruiLe co\u00fbt de la gestation pour autruiT\u00e9moignagesRegistreDevenir Parent par gestation pour autrui au &#8230; <\/p>\n<div><a href=\"https:\/\/fertilityconsultants.ca\/fr\/futurs-parents-meres-porteuses\/\" class=\"more-link\">Read More<\/a><\/div>\n","protected":false},"author":33449,"featured_media":0,"parent":0,"menu_order":0,"comment_status":"closed","ping_status":"closed","template":"template-blank-4.php","meta":{"_acf_changed":false,"_sitemap_exclude":false,"_sitemap_priority":"","_sitemap_frequency":"","footnotes":""},"class_list":["post-26139","page","type-page","status-publish","hentry","no-post-thumbnail"],"acf":[],"_links":{"self":[{"href":"https:\/\/fertilityconsultants.ca\/fr\/wp-json\/wp\/v2\/pages\/26139","targetHints":{"allow":["GET"]}}],"collection":[{"href":"https:\/\/fertilityconsultants.ca\/fr\/wp-json\/wp\/v2\/pages"}],"about":[{"href":"https:\/\/fertilityconsultants.ca\/fr\/wp-json\/wp\/v2\/types\/page"}],"author":[{"embeddable":true,"href":"https:\/\/fertilityconsultants.ca\/fr\/wp-json\/wp\/v2\/users\/33449"}],"replies":[{"embeddable":true,"href":"https:\/\/fertilityconsultants.ca\/fr\/wp-json\/wp\/v2\/comments?post=26139"}],"version-history":[{"count":3,"href":"https:\/\/fertilityconsultants.ca\/fr\/wp-json\/wp\/v2\/pages\/26139\/revisions"}],"predecessor-version":[{"id":110920,"href":"https:\/\/fertilityconsultants.ca\/fr\/wp-json\/wp\/v2\/pages\/26139\/revisions\/110920"}],"wp:attachment":[{"href":"https:\/\/fertilityconsultants.ca\/fr\/wp-json\/wp\/v2\/media?parent=26139"}],"curies":[{"name":"wp","href":"https:\/\/api.w.org\/{rel}","templated":true}]}}