{"id":26057,"date":"2016-11-25T23:47:38","date_gmt":"2016-11-26T04:47:38","guid":{"rendered":"https:\/\/dev.fertilityconsultants.ca\/are-you-qualified-for-surrogacy-2\/"},"modified":"2025-04-15T13:24:29","modified_gmt":"2025-04-15T17:24:29","slug":"etes-vous-qualifie-pour-la-maternite-de-substitution","status":"publish","type":"page","link":"https:\/\/fertilityconsultants.ca\/fr\/etes-vous-qualifie-pour-la-maternite-de-substitution\/","title":{"rendered":"Surrogate Application [FR]"},"content":{"rendered":"<div id=\"cs-content\" class=\"cs-content\"><\/div>\n","protected":false},"excerpt":{"rendered":"<p>Demande de gestation pour autrui au Canada Devenir m\u00e8re porteuse Aider \u00e0cr\u00e9er des familles aimantesFormulaire de demande de m\u00e8re porteuse Veuillez remplir notre formulaire de demande de m\u00e8re porteuse et un membre de notre \u00e9quipe vous contactera pour vous indiquer la marche \u00e0 suivre. CFC Surrogate Application Pr\u00e9nom : * &#8230; <\/p>\n<div><a href=\"https:\/\/fertilityconsultants.ca\/fr\/etes-vous-qualifie-pour-la-maternite-de-substitution\/\" class=\"more-link\">Read More<\/a><\/div>\n","protected":false},"author":33449,"featured_media":0,"parent":0,"menu_order":0,"comment_status":"closed","ping_status":"closed","template":"template-blank-4.php","meta":{"_acf_changed":false,"_sitemap_exclude":false,"_sitemap_priority":"","_sitemap_frequency":"","footnotes":""},"class_list":["post-26057","page","type-page","status-publish","hentry","no-post-thumbnail"],"acf":[],"_links":{"self":[{"href":"https:\/\/fertilityconsultants.ca\/fr\/wp-json\/wp\/v2\/pages\/26057","targetHints":{"allow":["GET"]}}],"collection":[{"href":"https:\/\/fertilityconsultants.ca\/fr\/wp-json\/wp\/v2\/pages"}],"about":[{"href":"https:\/\/fertilityconsultants.ca\/fr\/wp-json\/wp\/v2\/types\/page"}],"author":[{"embeddable":true,"href":"https:\/\/fertilityconsultants.ca\/fr\/wp-json\/wp\/v2\/users\/33449"}],"replies":[{"embeddable":true,"href":"https:\/\/fertilityconsultants.ca\/fr\/wp-json\/wp\/v2\/comments?post=26057"}],"version-history":[{"count":4,"href":"https:\/\/fertilityconsultants.ca\/fr\/wp-json\/wp\/v2\/pages\/26057\/revisions"}],"predecessor-version":[{"id":110943,"href":"https:\/\/fertilityconsultants.ca\/fr\/wp-json\/wp\/v2\/pages\/26057\/revisions\/110943"}],"wp:attachment":[{"href":"https:\/\/fertilityconsultants.ca\/fr\/wp-json\/wp\/v2\/media?parent=26057"}],"curies":[{"name":"wp","href":"https:\/\/api.w.org\/{rel}","templated":true}]}}