{"id":26040,"date":"2018-01-18T19:26:14","date_gmt":"2018-01-19T00:26:14","guid":{"rendered":"https:\/\/dev.fertilityconsultants.ca\/the-surrogacy-sisterhood\/"},"modified":"2025-12-17T19:28:14","modified_gmt":"2025-12-18T00:28:14","slug":"maternite-de-substitution-sacree","status":"publish","type":"page","link":"https:\/\/fertilityconsultants.ca\/fr\/maternite-de-substitution-sacree\/","title":{"rendered":"The Surrogacy Sisterhood [FR]"},"content":{"rendered":"<div id=\"cs-content\" class=\"cs-content\"><\/div>\n","protected":false},"excerpt":{"rendered":"<p>Sacred SurrogacyLa sororit\u00e9 sacr\u00e9e. Notre communaut\u00e9 dynamique de m\u00e8res porteuses.QualificationsOur Program BenefitsThe ProcessWho you can helpTestimonialsResourcesApplicationLa gestation pour autrui \u00e0 l\u2019honneur Nous sommes ravis d\u2019int\u00e9grer la gestation pour autrui sacr\u00e9e \u00e0 nos services au CFC dans le cadre de notre programme complet de maternit\u00e9 de substitution. Ensemble, nous visons \u00e0 &#8230; <\/p>\n<div><a href=\"https:\/\/fertilityconsultants.ca\/fr\/maternite-de-substitution-sacree\/\" class=\"more-link\">Read More<\/a><\/div>\n","protected":false},"author":3,"featured_media":0,"parent":0,"menu_order":0,"comment_status":"closed","ping_status":"closed","template":"template-blank-4.php","meta":{"_acf_changed":false,"_sitemap_exclude":false,"_sitemap_priority":"","_sitemap_frequency":"","footnotes":""},"class_list":["post-26040","page","type-page","status-publish","hentry","no-post-thumbnail"],"acf":[],"_links":{"self":[{"href":"https:\/\/fertilityconsultants.ca\/fr\/wp-json\/wp\/v2\/pages\/26040","targetHints":{"allow":["GET"]}}],"collection":[{"href":"https:\/\/fertilityconsultants.ca\/fr\/wp-json\/wp\/v2\/pages"}],"about":[{"href":"https:\/\/fertilityconsultants.ca\/fr\/wp-json\/wp\/v2\/types\/page"}],"author":[{"embeddable":true,"href":"https:\/\/fertilityconsultants.ca\/fr\/wp-json\/wp\/v2\/users\/3"}],"replies":[{"embeddable":true,"href":"https:\/\/fertilityconsultants.ca\/fr\/wp-json\/wp\/v2\/comments?post=26040"}],"version-history":[{"count":4,"href":"https:\/\/fertilityconsultants.ca\/fr\/wp-json\/wp\/v2\/pages\/26040\/revisions"}],"predecessor-version":[{"id":133117,"href":"https:\/\/fertilityconsultants.ca\/fr\/wp-json\/wp\/v2\/pages\/26040\/revisions\/133117"}],"wp:attachment":[{"href":"https:\/\/fertilityconsultants.ca\/fr\/wp-json\/wp\/v2\/media?parent=26040"}],"curies":[{"name":"wp","href":"https:\/\/api.w.org\/{rel}","templated":true}]}}