{"id":25780,"date":"2016-11-08T03:55:19","date_gmt":"2016-11-08T03:55:19","guid":{"rendered":"https:\/\/dev.fertilityconsultants.ca\/surrogacy-agency\/"},"modified":"2025-03-18T16:26:34","modified_gmt":"2025-03-18T20:26:34","slug":"agence-de-meres-porteuses","status":"publish","type":"page","link":"https:\/\/fertilityconsultants.ca\/fr\/agence-de-meres-porteuses\/","title":{"rendered":"About CFC [FR]"},"content":{"rendered":"<div id=\"cs-content\" class=\"cs-content\"><\/div>\n","protected":false},"excerpt":{"rendered":"<p>\u00c0 propos de la CFC La premi\u00e8re agence de gestation pour autrui au CanadaDes experts de confiance en mati\u00e8re de gestation pour autrui et de cr\u00e9ation de famille. Des familles guid\u00e9es \u00e0 chaque \u00e9tape de leur parcours.QualificationsOur Program BenefitsThe ProcessWho you can helpTestimonialsResourcesApplicationLa gestation pour autrui avec CFC Le Canadian &#8230; <\/p>\n<div><a href=\"https:\/\/fertilityconsultants.ca\/fr\/agence-de-meres-porteuses\/\" class=\"more-link\">Read More<\/a><\/div>\n","protected":false},"author":33449,"featured_media":0,"parent":0,"menu_order":0,"comment_status":"closed","ping_status":"closed","template":"template-blank-4.php","meta":{"_acf_changed":false,"_sitemap_exclude":false,"_sitemap_priority":"","_sitemap_frequency":"","footnotes":""},"class_list":["post-25780","page","type-page","status-publish","hentry","no-post-thumbnail"],"acf":[],"_links":{"self":[{"href":"https:\/\/fertilityconsultants.ca\/fr\/wp-json\/wp\/v2\/pages\/25780","targetHints":{"allow":["GET"]}}],"collection":[{"href":"https:\/\/fertilityconsultants.ca\/fr\/wp-json\/wp\/v2\/pages"}],"about":[{"href":"https:\/\/fertilityconsultants.ca\/fr\/wp-json\/wp\/v2\/types\/page"}],"author":[{"embeddable":true,"href":"https:\/\/fertilityconsultants.ca\/fr\/wp-json\/wp\/v2\/users\/33449"}],"replies":[{"embeddable":true,"href":"https:\/\/fertilityconsultants.ca\/fr\/wp-json\/wp\/v2\/comments?post=25780"}],"version-history":[{"count":5,"href":"https:\/\/fertilityconsultants.ca\/fr\/wp-json\/wp\/v2\/pages\/25780\/revisions"}],"predecessor-version":[{"id":117195,"href":"https:\/\/fertilityconsultants.ca\/fr\/wp-json\/wp\/v2\/pages\/25780\/revisions\/117195"}],"wp:attachment":[{"href":"https:\/\/fertilityconsultants.ca\/fr\/wp-json\/wp\/v2\/media?parent=25780"}],"curies":[{"name":"wp","href":"https:\/\/api.w.org\/{rel}","templated":true}]}}