{"id":20107,"date":"2021-04-12T13:50:01","date_gmt":"2021-04-12T17:50:01","guid":{"rendered":"https:\/\/dev.fertilityconsultants.ca\/?page_id=20107"},"modified":"2024-10-24T20:10:27","modified_gmt":"2024-10-25T00:10:27","slug":"quiz-meres-porteuses","status":"publish","type":"page","link":"https:\/\/fertilityconsultants.ca\/fr\/quiz-meres-porteuses\/","title":{"rendered":"[Quiz] CFC Do you qualify to become a surrogate? [FR]"},"content":{"rendered":"<div id=\"cs-content\" class=\"cs-content\"><\/div>\n","protected":false},"excerpt":{"rendered":"<p>Avez-vous les qualit\u00e9s requises pour devenir une m\u00e8re porteuse ? [CFC Quiz] Are you qualified to be a surrogate? Commencer le Quiz Nous mettons tout en \u0153uvre pour prot\u00e9ger la nature priv\u00e9e de vos informations personnelles. Veuillez consulter notre d\u00e9claration de confidentialit\u00e9 ici.Si vous rencontrez des probl\u00e8mes techniques avec ce &#8230; <\/p>\n<div><a href=\"https:\/\/fertilityconsultants.ca\/fr\/quiz-meres-porteuses\/\" class=\"more-link\">Read More<\/a><\/div>\n","protected":false},"author":33449,"featured_media":20247,"parent":0,"menu_order":0,"comment_status":"closed","ping_status":"closed","template":"template-blank-6.php","meta":{"_acf_changed":false,"_sitemap_exclude":false,"_sitemap_priority":"","_sitemap_frequency":"","footnotes":""},"class_list":["post-20107","page","type-page","status-publish","has-post-thumbnail","hentry"],"acf":[],"_links":{"self":[{"href":"https:\/\/fertilityconsultants.ca\/fr\/wp-json\/wp\/v2\/pages\/20107","targetHints":{"allow":["GET"]}}],"collection":[{"href":"https:\/\/fertilityconsultants.ca\/fr\/wp-json\/wp\/v2\/pages"}],"about":[{"href":"https:\/\/fertilityconsultants.ca\/fr\/wp-json\/wp\/v2\/types\/page"}],"author":[{"embeddable":true,"href":"https:\/\/fertilityconsultants.ca\/fr\/wp-json\/wp\/v2\/users\/33449"}],"replies":[{"embeddable":true,"href":"https:\/\/fertilityconsultants.ca\/fr\/wp-json\/wp\/v2\/comments?post=20107"}],"version-history":[{"count":1,"href":"https:\/\/fertilityconsultants.ca\/fr\/wp-json\/wp\/v2\/pages\/20107\/revisions"}],"predecessor-version":[{"id":87831,"href":"https:\/\/fertilityconsultants.ca\/fr\/wp-json\/wp\/v2\/pages\/20107\/revisions\/87831"}],"wp:featuredmedia":[{"embeddable":true,"href":"https:\/\/fertilityconsultants.ca\/fr\/wp-json\/wp\/v2\/media\/20247"}],"wp:attachment":[{"href":"https:\/\/fertilityconsultants.ca\/fr\/wp-json\/wp\/v2\/media?parent=20107"}],"curies":[{"name":"wp","href":"https:\/\/api.w.org\/{rel}","templated":true}]}}