{"id":105794,"date":"2024-07-16T18:49:55","date_gmt":"2024-07-16T22:49:55","guid":{"rendered":"https:\/\/fertilityconsultants.ca\/surrogate-application-thank-you-french\/"},"modified":"2025-10-21T12:31:03","modified_gmt":"2025-10-21T16:31:03","slug":"femme-porteuse-formulaire-merci","status":"publish","type":"page","link":"https:\/\/fertilityconsultants.ca\/fr\/femme-porteuse-formulaire-merci\/","title":{"rendered":"Surrogate Application Thank You (French)"},"content":{"rendered":"<div id=\"cs-content\" class=\"cs-content\"><\/div>\n","protected":false},"excerpt":{"rendered":"<p>Merci d\u2019avoir rempli notre demande de gestation pour autruiThank you for taking our quiz! Congrats! You\u2019ve met our initial requirements to become a surrogate! A member of our intake team will connect with you about your next steps to becoming a surrogate! Merci d\u2019avoir r\u00e9pondu \u00e0 notre quiz ! F\u00e9licitations &#8230; <\/p>\n<div><a href=\"https:\/\/fertilityconsultants.ca\/fr\/femme-porteuse-formulaire-merci\/\" class=\"more-link\">Read More<\/a><\/div>\n","protected":false},"author":33449,"featured_media":0,"parent":0,"menu_order":0,"comment_status":"closed","ping_status":"closed","template":"template-blank-4.php","meta":{"_acf_changed":false,"_sitemap_exclude":false,"_sitemap_priority":"","_sitemap_frequency":"","footnotes":""},"class_list":["post-105794","page","type-page","status-publish","hentry","no-post-thumbnail"],"acf":[],"_links":{"self":[{"href":"https:\/\/fertilityconsultants.ca\/fr\/wp-json\/wp\/v2\/pages\/105794","targetHints":{"allow":["GET"]}}],"collection":[{"href":"https:\/\/fertilityconsultants.ca\/fr\/wp-json\/wp\/v2\/pages"}],"about":[{"href":"https:\/\/fertilityconsultants.ca\/fr\/wp-json\/wp\/v2\/types\/page"}],"author":[{"embeddable":true,"href":"https:\/\/fertilityconsultants.ca\/fr\/wp-json\/wp\/v2\/users\/33449"}],"replies":[{"embeddable":true,"href":"https:\/\/fertilityconsultants.ca\/fr\/wp-json\/wp\/v2\/comments?post=105794"}],"version-history":[{"count":4,"href":"https:\/\/fertilityconsultants.ca\/fr\/wp-json\/wp\/v2\/pages\/105794\/revisions"}],"predecessor-version":[{"id":130337,"href":"https:\/\/fertilityconsultants.ca\/fr\/wp-json\/wp\/v2\/pages\/105794\/revisions\/130337"}],"wp:attachment":[{"href":"https:\/\/fertilityconsultants.ca\/fr\/wp-json\/wp\/v2\/media?parent=105794"}],"curies":[{"name":"wp","href":"https:\/\/api.w.org\/{rel}","templated":true}]}}